{"id":12,"date":"2026-02-13T08:57:27","date_gmt":"2026-02-13T07:57:27","guid":{"rendered":"http:\/\/localhost\/?page_id=12"},"modified":"2026-03-31T22:00:19","modified_gmt":"2026-03-31T20:00:19","slug":"accueil","status":"publish","type":"page","link":"https:\/\/nice-centre.adventiste.org\/","title":{"rendered":"home"},"content":{"rendered":"\n<div class=\"wp-block-cover alignfull\"><img loading=\"lazy\" decoding=\"async\" width=\"1080\" height=\"378\" class=\"wp-block-cover__image-background wp-image-73\" alt=\"\" src=\"https:\/\/nice-centre.adventiste.org\/wp-content\/uploads\/2026\/02\/FB_IMG_1661091732597.jpg\" data-object-fit=\"cover\"\/><span aria-hidden=\"true\" class=\"wp-block-cover__background has-background-dim-30 has-background-dim\"><\/span><div class=\"wp-block-cover__inner-container is-layout-flow wp-block-cover-is-layout-flow\">\n<p class=\"has-text-align-center has-x-large-font-size\" style=\"line-height:0\"><strong><mark style=\"background-color:rgba(0, 0, 0, 0)\" class=\"has-inline-color has-ast-global-color-4-color\">\u00c9GLISE ADVENTISTE DU 7E JOUR DE NICE<\/mark><\/strong><\/p>\n\n\n\n<p class=\"has-text-align-center has-medium-font-size\" style=\"line-height:0\"><mark style=\"background-color:rgba(0, 0, 0, 0)\" class=\"has-inline-color has-ast-global-color-4-color\">Bienvenue dans la maison du Seigneur<\/mark><\/p>\n<\/div><\/div>\n\n\n\n<p><\/p>\n\n\n\n<h2 class=\"wp-block-heading\" id=\"accueil\">Bienvenue \u00e0 l&rsquo;\u00c9glise Adventiste du 7e Jour de Nice Centre<\/h2>\n\n\n\n<p>Bienvenue sur le site officiel de notre <strong>communaut\u00e9 chr\u00e9tienne \u00e0 Nice<\/strong> (\u00c9glise Adventiste Nice Centre). Que vous soyez un membre de longue date, un visiteur de passage sur la C\u00f4te d&rsquo;Azur ou simplement curieux de d\u00e9couvrir la foi adventiste, nous sommes honor\u00e9s de vous accueillir dans notre famille spirituelle.<\/p>\n\n\n\n<h3 class=\"wp-block-heading\">Une Communaut\u00e9 au C\u0153ur de Nice<\/h3>\n\n\n\n<p>Situ\u00e9e au <strong>24 Rue de Paris<\/strong>, notre \u00e9glise est un lieu de rencontre, de partage et de ressourcement spirituel pour tous. Nous sommes une assembl\u00e9e dynamique et diversifi\u00e9e, unie par le d\u00e9sir de suivre les enseignements bibliques et de partager l&rsquo;esp\u00e9rance du retour du Christ. Notre foyer spirituel est ouvert \u00e0 chacun, offrant un espace pour grandir dans la foi et servir notre prochain.<\/p>\n\n\n\n<h3 class=\"wp-block-heading\">Nos Rendez-vous du Sabbat<\/h3>\n\n\n\n<p>Le <strong>Sabbat (samedi)<\/strong> est pour nous un moment privil\u00e9gi\u00e9 de repos et de communion. Nous vous invitons \u00e0 nous rejoindre chaque semaine pour vivre des moments inspirants :<\/p>\n\n\n\n<ul class=\"wp-block-list\">\n<li><strong>\u00c9cole du Sabbat (9h15) :<\/strong> Une \u00e9tude biblique interactive en petits groupes pour approfondir notre compr\u00e9hension des \u00c9critures.<\/li>\n\n\n\n<li><strong>Service de Culte (10h30) :<\/strong> Un temps de louange, de pri\u00e8re et de pr\u00e9dication biblique pour nourrir notre vie chr\u00e9tienne.<\/li>\n<\/ul>\n\n\n\n<h3 class=\"wp-block-heading\">S&rsquo;impliquer et Grandir Ensemble<\/h3>\n\n\n\n<p>La vie de notre <strong>\u00e9glise adventiste \u00e0 Nice<\/strong> ne s&rsquo;arr\u00eate pas au culte du samedi. Nous encourageons chaque visiteur \u00e0 s&rsquo;impliquer selon ses talents. Que ce soit \u00e0 travers nos programmes pour la jeunesse, nos groupes de pri\u00e8re ou nos actions sociales locales, il y a une place pour vous.<\/p>\n\n\n\n<p>Nous croyons que l&rsquo;\u00e9glise est plus qu&rsquo;un b\u00e2timent ; c&rsquo;est une famille engag\u00e9e dans la ville de Nice pour apporter un message de paix et d&rsquo;amour. N&rsquo;h\u00e9sitez pas \u00e0 consulter notre agenda ou \u00e0 nous contacter via notre formulaire pour toute question.<\/p>\n\n\n\n<p><strong>Nous avons h\u00e2te de vous rencontrer !<\/strong><\/p>\n\n\n\n<p>Jean 14.27<\/p>\n\n\n\n<p>\u00a0\u00bb Je vous laisse la paix, je vous donne ma paix. Je ne vous donne pas comme le monde donne. Que votre coeur ne se trouble point, et ne s&rsquo;alarme point. \u00ab\u00a0<\/p>\n\n\n\n<hr class=\"wp-block-separator has-alpha-channel-opacity\"\/>\n\n\n<div style=\"width: 100%; max-width: 800px; margin: 0 auto;\">\n<div style=\"position: relative; padding-bottom: 56.25%; height: 0; overflow: hidden; border-radius: 8px; background: #000;\"><iframe style=\"position: absolute; top: 0; left: 0; width: 100%; height: 100%; border: 0;\" src=\"https:\/\/www.youtube.com\/embed\/6gJ_JpZCwBc\" allowfullscreen=\"allowfullscreen\"><br \/>\n        <\/iframe><\/div>\n<\/div>\n<div id=\"contact-form\">\u00a0<\/div>\n\n\n<hr class=\"wp-block-separator has-alpha-channel-opacity\"\/>\n\n\n\n<div class=\"wp-block-contact-form-7-contact-form-selector\">\n<div class=\"wpcf7 no-js\" id=\"wpcf7-f141-o1\" lang=\"fr-FR\" dir=\"ltr\" data-wpcf7-id=\"141\">\n<div class=\"screen-reader-response\"><p role=\"status\" aria-live=\"polite\" aria-atomic=\"true\"><\/p> <ul><\/ul><\/div>\n<form action=\"\/index.php\/wp-json\/wp\/v2\/pages\/12#wpcf7-f141-o1\" method=\"post\" class=\"wpcf7-form init\" aria-label=\"Formulaire de contact\" novalidate=\"novalidate\" data-status=\"init\">\n<fieldset class=\"hidden-fields-container\"><input type=\"hidden\" name=\"_wpcf7\" value=\"141\" \/><input type=\"hidden\" name=\"_wpcf7_version\" value=\"6.1.5\" \/><input type=\"hidden\" name=\"_wpcf7_locale\" value=\"fr_FR\" \/><input type=\"hidden\" name=\"_wpcf7_unit_tag\" value=\"wpcf7-f141-o1\" \/><input type=\"hidden\" name=\"_wpcf7_container_post\" value=\"0\" \/><input type=\"hidden\" name=\"_wpcf7_posted_data_hash\" value=\"\" \/>\n<\/fieldset>\n<div class=\"form-container\">\n\t<div class=\"form-header\">\n\t\t<h2>\u00c9glise Adventiste\n\t\t<\/h2>\n\t\t<p>24 Rue de Paris, 06000 Nice\n\t\t<\/p>\n\t\t<p class=\"phone\">+33 0 00 00 00 00\n\t\t<\/p>\n\t\t<p class=\"email\">comegliseadventistenice@gmail.com\n\t\t<\/p>\n\t<\/div>\n\t<div class=\"custom-form\">\n\t\t<p><label> Nom <span class=\"wpcf7-form-control-wrap\" data-name=\"your-name\"><input size=\"40\" maxlength=\"400\" class=\"wpcf7-form-control wpcf7-text wpcf7-validates-as-required form-input\" autocomplete=\"name\" aria-required=\"true\" aria-invalid=\"false\" placeholder=\"Name\" value=\"\" type=\"text\" name=\"your-name\" \/><\/span> <\/label>\n\t\t<\/p>\n\t\t<p><label> Mail <span class=\"wpcf7-form-control-wrap\" data-name=\"your-email\"><input size=\"40\" maxlength=\"400\" class=\"wpcf7-form-control wpcf7-email wpcf7-validates-as-required wpcf7-text wpcf7-validates-as-email form-input\" autocomplete=\"email\" aria-required=\"true\" aria-invalid=\"false\" placeholder=\"Email\" value=\"\" type=\"email\" name=\"your-email\" \/><\/span> <\/label>\n\t\t<\/p>\n\t\t<p><label> Votre message <span class=\"wpcf7-form-control-wrap\" data-name=\"your-message\"><textarea cols=\"40\" rows=\"10\" maxlength=\"2000\" class=\"wpcf7-form-control wpcf7-textarea form-textarea\" aria-invalid=\"false\" placeholder=\"Address\" name=\"your-message\"><\/textarea><\/span> <\/label>\n\t\t<\/p>\n\t\t<p><input class=\"wpcf7-form-control wpcf7-submit has-spinner form-button\" type=\"submit\" value=\"Envoyer\" \/>\n\t\t<\/p>\n\t<\/div>\n<\/div>\n<style>\n.form-container {\n max-width: 900px;\n margin: 40px auto;\n font-family: -apple-system, BlinkMacSystemFont, \"Segoe UI\", Roboto, Helvetica, Arial, sans-serif;\n color: #333;\n}\n\n.form-header h2 {\n font-size: 32px;\n margin-bottom: 5px;\n font-weight: 500;\n}\n\n\/* Texte de l'en-t\u00eate serr\u00e9 *\/\n.form-header p {\n margin: 0 !important;\n padding: 0 !important;\n line-height: 1.2; \/* Encore plus serr\u00e9 pour le texte *\/\n}\n\n.form-header .phone {\n color: #3498db;\n}\n\n.form-header .email {\n margin-bottom: 15px !important; \/* Petit espace avant le formulaire *\/\n}\n\n\/* R\u00c9DUCTION DE L'ESPACE ENTRE LES INPUTS *\/\n.custom-form label {\n display: block;\n margin-bottom: 2px !important; \/* Espace r\u00e9duit au minimum entre les blocs *\/\n font-weight: bold;\n font-size: 14px;\n}\n\n.form-input, .form-textarea {\n width: 100% !important;\n padding: 8px !important; \/* Moins de hauteur interne pour compacter *\/\n border: 1px solid #ccc !important;\n border-radius: 2px !important;\n font-size: 16px !important;\n background-color: #fff !important;\n margin-top: 1px !important; \/* Rapproche l'input du titre du label *\/\n}\n\n.form-textarea {\n height: 100px !important; \/* Zone de message plus courte *\/\n}\n\n.form-button {\n width: 150px !important;\n padding: 12px !important;\n background-color: #6190be !important;\n color: white !important;\n border: none !important;\n border-radius: 4px !important;\n font-size: 16px !important;\n cursor: pointer !important;\n margin-top: 5px !important; \/* Rapproche le bouton du dernier champ *\/\n}\n\n.form-button:hover {\n background-color: #4a75a0 !important;\n}\n<\/style><div class=\"wpcf7-response-output\" aria-hidden=\"true\"><\/div>\n<\/form>\n<\/div>\n<\/div>\n\n\n\n<div style=\"height:100px\" aria-hidden=\"true\" class=\"wp-block-spacer\"><\/div>\n\n\n\n<p><\/p>\n","protected":false},"excerpt":{"rendered":"<p>Bienvenue \u00e0 l&rsquo;\u00c9glise Adventiste du 7e Jour de Nice Centre Bienvenue sur le site officiel de notre communaut\u00e9 chr\u00e9tienne \u00e0 [&hellip;]<\/p>\n","protected":false},"author":1,"featured_media":0,"parent":0,"menu_order":0,"comment_status":"closed","ping_status":"closed","template":"","meta":{"site-sidebar-layout":"default","site-content-layout":"","ast-site-content-layout":"default","site-content-style":"unboxed","site-sidebar-style":"default","ast-global-header-display":"","ast-banner-title-visibility":"","ast-main-header-display":"","ast-hfb-above-header-display":"","ast-hfb-below-header-display":"","ast-hfb-mobile-header-display":"","site-post-title":"disabled","ast-breadcrumbs-content":"","ast-featured-img":"","footer-sml-layout":"","ast-disable-related-posts":"","theme-transparent-header-meta":"","adv-header-id-meta":"","stick-header-meta":"","header-above-stick-meta":"","header-main-stick-meta":"","header-below-stick-meta":"","astra-migrate-meta-layouts":"default","ast-page-background-enabled":"default","ast-page-background-meta":{"desktop":{"background-color":"var(--ast-global-color-5)","background-image":"","background-repeat":"repeat","background-position":"center center","background-size":"auto","background-attachment":"scroll","background-type":"","background-media":"","overlay-type":"","overlay-color":"","overlay-opacity":"","overlay-gradient":""},"tablet":{"background-color":"","background-image":"","background-repeat":"repeat","background-position":"center center","background-size":"auto","background-attachment":"scroll","background-type":"","background-media":"","overlay-type":"","overlay-color":"","overlay-opacity":"","overlay-gradient":""},"mobile":{"background-color":"","background-image":"","background-repeat":"repeat","background-position":"center center","background-size":"auto","background-attachment":"scroll","background-type":"","background-media":"","overlay-type":"","overlay-color":"","overlay-opacity":"","overlay-gradient":""}},"ast-content-background-meta":{"desktop":{"background-color":"var(--ast-global-color-4)","background-image":"","background-repeat":"repeat","background-position":"center center","background-size":"auto","background-attachment":"scroll","background-type":"","background-media":"","overlay-type":"","overlay-color":"","overlay-opacity":"","overlay-gradient":""},"tablet":{"background-color":"var(--ast-global-color-4)","background-image":"","background-repeat":"repeat","background-position":"center center","background-size":"auto","background-attachment":"scroll","background-type":"","background-media":"","overlay-type":"","overlay-color":"","overlay-opacity":"","overlay-gradient":""},"mobile":{"background-color":"var(--ast-global-color-4)","background-image":"","background-repeat":"repeat","background-position":"center center","background-size":"auto","background-attachment":"scroll","background-type":"","background-media":"","overlay-type":"","overlay-color":"","overlay-opacity":"","overlay-gradient":""}},"footnotes":""},"class_list":["post-12","page","type-page","status-publish","hentry"],"yoast_head":"<!-- This site is optimized with the Yoast SEO plugin v27.0 - https:\/\/yoast.com\/product\/yoast-seo-wordpress\/ -->\r\n<title>\u00c9glise Adventiste Nice Centre<\/title>\r\n<meta name=\"description\" content=\"\u00c9glise Adventiste Nice Centre. Rejoignez-nous pour nos cultes le samedi matin et nos activit\u00e9s communautaires au c\u0153ur de Nice.\" \/>\r\n<meta name=\"robots\" content=\"index, follow, max-snippet:-1, max-image-preview:large, max-video-preview:-1\" \/>\r\n<link rel=\"canonical\" href=\"https:\/\/nice-centre.adventiste.org\/\" \/>\r\n<meta property=\"og:locale\" content=\"fr_FR\" \/>\r\n<meta property=\"og:type\" content=\"article\" \/>\r\n<meta property=\"og:title\" content=\"\u00c9glise Adventiste Nice Centre\" \/>\r\n<meta property=\"og:description\" content=\"\u00c9glise Adventiste Nice Centre. Rejoignez-nous pour nos cultes le samedi matin et nos activit\u00e9s communautaires au c\u0153ur de Nice.\" \/>\r\n<meta property=\"og:url\" content=\"https:\/\/nice-centre.adventiste.org\/\" \/>\r\n<meta property=\"og:site_name\" content=\"Eglise Adventiste du 7e jour de Nice\" \/>\r\n<meta property=\"article:modified_time\" content=\"2026-03-31T20:00:19+00:00\" \/>\r\n<meta property=\"og:image\" content=\"https:\/\/nice-centre.adventiste.org\/wp-content\/uploads\/2026\/02\/FB_IMG_1661091732597.jpg\" \/>\r\n\t<meta property=\"og:image:width\" content=\"1080\" \/>\r\n\t<meta property=\"og:image:height\" content=\"378\" \/>\r\n\t<meta property=\"og:image:type\" content=\"image\/jpeg\" \/>\r\n<meta name=\"twitter:card\" content=\"summary_large_image\" \/>\r\n<meta name=\"twitter:label1\" content=\"Dur\u00e9e de lecture estim\u00e9e\" \/>\n\t<meta name=\"twitter:data1\" content=\"2 minutes\" \/>\r\n<script type=\"application\/ld+json\" class=\"yoast-schema-graph\">{\"@context\":\"https:\/\/schema.org\",\"@graph\":[{\"@type\":\"WebPage\",\"@id\":\"https:\/\/nice-centre.adventiste.org\/\",\"url\":\"https:\/\/nice-centre.adventiste.org\/\",\"name\":\"\u00c9glise Adventiste Nice Centre\",\"isPartOf\":{\"@id\":\"https:\/\/nice-centre.adventiste.org\/#website\"},\"primaryImageOfPage\":{\"@id\":\"https:\/\/nice-centre.adventiste.org\/#primaryimage\"},\"image\":{\"@id\":\"https:\/\/nice-centre.adventiste.org\/#primaryimage\"},\"thumbnailUrl\":\"https:\/\/nice-centre.adventiste.org\/wp-content\/uploads\/2026\/02\/FB_IMG_1661091732597.jpg\",\"datePublished\":\"2026-02-13T07:57:27+00:00\",\"dateModified\":\"2026-03-31T20:00:19+00:00\",\"description\":\"\u00c9glise Adventiste Nice Centre. Rejoignez-nous pour nos cultes le samedi matin et nos activit\u00e9s communautaires au c\u0153ur de Nice.\",\"breadcrumb\":{\"@id\":\"https:\/\/nice-centre.adventiste.org\/#breadcrumb\"},\"inLanguage\":\"fr-FR\",\"potentialAction\":[{\"@type\":\"ReadAction\",\"target\":[\"https:\/\/nice-centre.adventiste.org\/\"]}]},{\"@type\":\"ImageObject\",\"inLanguage\":\"fr-FR\",\"@id\":\"https:\/\/nice-centre.adventiste.org\/#primaryimage\",\"url\":\"https:\/\/nice-centre.adventiste.org\/wp-content\/uploads\/2026\/02\/FB_IMG_1661091732597.jpg\",\"contentUrl\":\"https:\/\/nice-centre.adventiste.org\/wp-content\/uploads\/2026\/02\/FB_IMG_1661091732597.jpg\",\"width\":1080,\"height\":378},{\"@type\":\"BreadcrumbList\",\"@id\":\"https:\/\/nice-centre.adventiste.org\/#breadcrumb\",\"itemListElement\":[{\"@type\":\"ListItem\",\"position\":1,\"name\":\"Accueil\",\"item\":\"https:\/\/nice-centre.adventiste.org\/\"},{\"@type\":\"ListItem\",\"position\":2,\"name\":\"home\"}]},{\"@type\":\"WebSite\",\"@id\":\"https:\/\/nice-centre.adventiste.org\/#website\",\"url\":\"https:\/\/nice-centre.adventiste.org\/\",\"name\":\"Eglise Adventiste du 7e jour de Nice\",\"description\":\"\",\"publisher\":{\"@id\":\"https:\/\/nice-centre.adventiste.org\/#organization\"},\"potentialAction\":[{\"@type\":\"SearchAction\",\"target\":{\"@type\":\"EntryPoint\",\"urlTemplate\":\"https:\/\/nice-centre.adventiste.org\/?s={search_term_string}\"},\"query-input\":{\"@type\":\"PropertyValueSpecification\",\"valueRequired\":true,\"valueName\":\"search_term_string\"}}],\"inLanguage\":\"fr-FR\"},{\"@type\":\"Organization\",\"@id\":\"https:\/\/nice-centre.adventiste.org\/#organization\",\"name\":\"Eglise Adventiste du 7e jour de Nice\",\"url\":\"https:\/\/nice-centre.adventiste.org\/\",\"logo\":{\"@type\":\"ImageObject\",\"inLanguage\":\"fr-FR\",\"@id\":\"https:\/\/nice-centre.adventiste.org\/#\/schema\/logo\/image\/\",\"url\":\"https:\/\/nice-centre.adventiste.org\/wp-content\/uploads\/2026\/02\/adventist-symbol-winter.png\",\"contentUrl\":\"https:\/\/nice-centre.adventiste.org\/wp-content\/uploads\/2026\/02\/adventist-symbol-winter.png\",\"width\":840,\"height\":840,\"caption\":\"Eglise Adventiste du 7e jour de Nice\"},\"image\":{\"@id\":\"https:\/\/nice-centre.adventiste.org\/#\/schema\/logo\/image\/\"}}]}<\/script>\r\n<!-- \/ Yoast SEO plugin. -->","yoast_head_json":{"title":"\u00c9glise Adventiste Nice Centre","description":"\u00c9glise Adventiste Nice Centre. Rejoignez-nous pour nos cultes le samedi matin et nos activit\u00e9s communautaires au c\u0153ur de Nice.","robots":{"index":"index","follow":"follow","max-snippet":"max-snippet:-1","max-image-preview":"max-image-preview:large","max-video-preview":"max-video-preview:-1"},"canonical":"https:\/\/nice-centre.adventiste.org\/","og_locale":"fr_FR","og_type":"article","og_title":"\u00c9glise Adventiste Nice Centre","og_description":"\u00c9glise Adventiste Nice Centre. Rejoignez-nous pour nos cultes le samedi matin et nos activit\u00e9s communautaires au c\u0153ur de Nice.","og_url":"https:\/\/nice-centre.adventiste.org\/","og_site_name":"Eglise Adventiste du 7e jour de Nice","article_modified_time":"2026-03-31T20:00:19+00:00","og_image":[{"width":1080,"height":378,"url":"https:\/\/nice-centre.adventiste.org\/wp-content\/uploads\/2026\/02\/FB_IMG_1661091732597.jpg","type":"image\/jpeg"}],"twitter_card":"summary_large_image","twitter_misc":{"Dur\u00e9e de lecture estim\u00e9e":"2 minutes"},"schema":{"@context":"https:\/\/schema.org","@graph":[{"@type":"WebPage","@id":"https:\/\/nice-centre.adventiste.org\/","url":"https:\/\/nice-centre.adventiste.org\/","name":"\u00c9glise Adventiste Nice Centre","isPartOf":{"@id":"https:\/\/nice-centre.adventiste.org\/#website"},"primaryImageOfPage":{"@id":"https:\/\/nice-centre.adventiste.org\/#primaryimage"},"image":{"@id":"https:\/\/nice-centre.adventiste.org\/#primaryimage"},"thumbnailUrl":"https:\/\/nice-centre.adventiste.org\/wp-content\/uploads\/2026\/02\/FB_IMG_1661091732597.jpg","datePublished":"2026-02-13T07:57:27+00:00","dateModified":"2026-03-31T20:00:19+00:00","description":"\u00c9glise Adventiste Nice Centre. Rejoignez-nous pour nos cultes le samedi matin et nos activit\u00e9s communautaires au c\u0153ur de Nice.","breadcrumb":{"@id":"https:\/\/nice-centre.adventiste.org\/#breadcrumb"},"inLanguage":"fr-FR","potentialAction":[{"@type":"ReadAction","target":["https:\/\/nice-centre.adventiste.org\/"]}]},{"@type":"ImageObject","inLanguage":"fr-FR","@id":"https:\/\/nice-centre.adventiste.org\/#primaryimage","url":"https:\/\/nice-centre.adventiste.org\/wp-content\/uploads\/2026\/02\/FB_IMG_1661091732597.jpg","contentUrl":"https:\/\/nice-centre.adventiste.org\/wp-content\/uploads\/2026\/02\/FB_IMG_1661091732597.jpg","width":1080,"height":378},{"@type":"BreadcrumbList","@id":"https:\/\/nice-centre.adventiste.org\/#breadcrumb","itemListElement":[{"@type":"ListItem","position":1,"name":"Accueil","item":"https:\/\/nice-centre.adventiste.org\/"},{"@type":"ListItem","position":2,"name":"home"}]},{"@type":"WebSite","@id":"https:\/\/nice-centre.adventiste.org\/#website","url":"https:\/\/nice-centre.adventiste.org\/","name":"Eglise Adventiste du 7e jour de Nice","description":"","publisher":{"@id":"https:\/\/nice-centre.adventiste.org\/#organization"},"potentialAction":[{"@type":"SearchAction","target":{"@type":"EntryPoint","urlTemplate":"https:\/\/nice-centre.adventiste.org\/?s={search_term_string}"},"query-input":{"@type":"PropertyValueSpecification","valueRequired":true,"valueName":"search_term_string"}}],"inLanguage":"fr-FR"},{"@type":"Organization","@id":"https:\/\/nice-centre.adventiste.org\/#organization","name":"Eglise Adventiste du 7e jour de Nice","url":"https:\/\/nice-centre.adventiste.org\/","logo":{"@type":"ImageObject","inLanguage":"fr-FR","@id":"https:\/\/nice-centre.adventiste.org\/#\/schema\/logo\/image\/","url":"https:\/\/nice-centre.adventiste.org\/wp-content\/uploads\/2026\/02\/adventist-symbol-winter.png","contentUrl":"https:\/\/nice-centre.adventiste.org\/wp-content\/uploads\/2026\/02\/adventist-symbol-winter.png","width":840,"height":840,"caption":"Eglise Adventiste du 7e jour de Nice"},"image":{"@id":"https:\/\/nice-centre.adventiste.org\/#\/schema\/logo\/image\/"}}]}},"_links":{"self":[{"href":"https:\/\/nice-centre.adventiste.org\/index.php\/wp-json\/wp\/v2\/pages\/12","targetHints":{"allow":["GET"]}}],"collection":[{"href":"https:\/\/nice-centre.adventiste.org\/index.php\/wp-json\/wp\/v2\/pages"}],"about":[{"href":"https:\/\/nice-centre.adventiste.org\/index.php\/wp-json\/wp\/v2\/types\/page"}],"author":[{"embeddable":true,"href":"https:\/\/nice-centre.adventiste.org\/index.php\/wp-json\/wp\/v2\/users\/1"}],"replies":[{"embeddable":true,"href":"https:\/\/nice-centre.adventiste.org\/index.php\/wp-json\/wp\/v2\/comments?post=12"}],"version-history":[{"count":57,"href":"https:\/\/nice-centre.adventiste.org\/index.php\/wp-json\/wp\/v2\/pages\/12\/revisions"}],"predecessor-version":[{"id":362,"href":"https:\/\/nice-centre.adventiste.org\/index.php\/wp-json\/wp\/v2\/pages\/12\/revisions\/362"}],"wp:attachment":[{"href":"https:\/\/nice-centre.adventiste.org\/index.php\/wp-json\/wp\/v2\/media?parent=12"}],"curies":[{"name":"wp","href":"https:\/\/api.w.org\/{rel}","templated":true}]}}