{"id":35,"date":"2026-02-13T08:58:13","date_gmt":"2026-02-13T07:58:13","guid":{"rendered":"http:\/\/localhost\/?page_id=35"},"modified":"2026-02-17T16:05:47","modified_gmt":"2026-02-17T15:05:47","slug":"about","status":"publish","type":"page","link":"https:\/\/nice-centre.adventiste.org\/index.php\/about\/","title":{"rendered":"about"},"content":{"rendered":"\n<figure class=\"wp-block-image alignfull size-large\"><img loading=\"lazy\" decoding=\"async\" width=\"1024\" height=\"328\" src=\"https:\/\/nice-centre.adventiste.org\/wp-content\/uploads\/2026\/02\/pexels-bible-1868070-1-scaled-e1771338831968-1024x328.jpg\" alt=\"\" class=\"wp-image-170\" srcset=\"https:\/\/nice-centre.adventiste.org\/wp-content\/uploads\/2026\/02\/pexels-bible-1868070-1-scaled-e1771338831968-1024x328.jpg 1024w, https:\/\/nice-centre.adventiste.org\/wp-content\/uploads\/2026\/02\/pexels-bible-1868070-1-scaled-e1771338831968-300x96.jpg 300w, https:\/\/nice-centre.adventiste.org\/wp-content\/uploads\/2026\/02\/pexels-bible-1868070-1-scaled-e1771338831968-768x246.jpg 768w, https:\/\/nice-centre.adventiste.org\/wp-content\/uploads\/2026\/02\/pexels-bible-1868070-1-scaled-e1771338831968-1536x492.jpg 1536w, https:\/\/nice-centre.adventiste.org\/wp-content\/uploads\/2026\/02\/pexels-bible-1868070-1-scaled-e1771338831968-2048x656.jpg 2048w\" sizes=\"auto, (max-width: 1024px) 100vw, 1024px\" \/><\/figure>\n\n\n\n<div style=\"height:100px\" aria-hidden=\"true\" class=\"wp-block-spacer\"><\/div>\n\n\n\n<h5 class=\"wp-block-heading has-text-align-center\">Qui sommes nous ?<\/h5>\n\n\n\n<h1 class=\"wp-block-heading has-text-align-center\">L&rsquo;Eglise Adventiste du 7e jour<\/h1>\n\n\n\n<p class=\"has-text-align-center\">L\u2019\u00c9glise adventiste se veut h\u00e9riti\u00e8re des mouvements de R\u00e9forme du XVIe si\u00e8cle et de R\u00e9veil du XIXe si\u00e8cle, dont elle partage les principales affirmations. Elle a rejoint en 2005 la F\u00e9d\u00e9ration Protestante de France (F.P.F.). Cette minorit\u00e9 protestante pratique le culte le samedi. Elle a d\u00e9velopp\u00e9 de nombreuses \u0153uvres dans le domaine de la sant\u00e9, de l\u2019\u00e9ducation, de l\u2019aide humanitaire.<\/p>\n\n\n\n<hr class=\"wp-block-separator has-alpha-channel-opacity\"\/>\n\n\n\n<h3 class=\"wp-block-heading\">Petit point historique !<\/h3>\n\n\n\n<p>Parti du W\u00fcrtemberg \u00e0 la fin du XVIII si\u00e8cle, un vaste R\u00e9veil proph\u00e9tique se d\u00e9veloppe dans toute l\u2019Europe, \u00e9migre en Angleterre et en Am\u00e9rique du Nord. Il provoque la multiplication de soci\u00e9t\u00e9s religieuses et missionnaires en Nouvelle Angleterre. Certains groupes se r\u00e9unissent dans l\u2019attente de la fin du monde et l\u2019esp\u00e9rance du retour du Christ.&nbsp; (1782-1849), en \u00e9tudiant les proph\u00e9ties du livre biblique de Daniel, pr\u00e9dit ce retour pour l\u2019ann\u00e9e 1843 puis 1844. Apr\u00e8s l\u2019\u00e9chec de cette proph\u00e9tie, les croyants adventistes, rejet\u00e9s par leurs \u00c9glises d\u2019origine, se rassemblent autour de quelques leaders dont le pasteur James White. Son \u00e9pouse, 1827-1915), joue un grand r\u00f4le par ses proph\u00e9ties qui encouragent \u00e0 l\u2019\u00e9tude de la Bible, \u00e0 l\u2019organisation d\u00e9mocratique du mouvement contre les tentations de fanatisme et \u00e0 la pratique d\u2019une vie saine (abstinence de l\u2019alcool et du tabac, m\u00e9decine pr\u00e9ventive\u2026). Cette premi\u00e8re p\u00e9riode est une p\u00e9riode de conflit avec les \u00c9glises protestantes dont \u00e9taient issus les membres des communaut\u00e9s adventistes. Au travers de diff\u00e9rentes crises, le mouvement s\u2019amplifie et les \u00c9glises adventistes se d\u00e9veloppent aux \u00c9tats-Unis puis en Europe et sur les autres continents.<\/p>\n\n\n\n<div style=\"height:100px\" aria-hidden=\"true\" class=\"wp-block-spacer\"><\/div>\n","protected":false},"excerpt":{"rendered":"<p>Qui sommes nous ? L&rsquo;Eglise Adventiste du 7e jour L\u2019\u00c9glise adventiste se veut h\u00e9riti\u00e8re des mouvements de R\u00e9forme du XVIe [&hellip;]<\/p>\n","protected":false},"author":1,"featured_media":0,"parent":0,"menu_order":0,"comment_status":"closed","ping_status":"closed","template":"","meta":{"site-sidebar-layout":"default","site-content-layout":"","ast-site-content-layout":"default","site-content-style":"default","site-sidebar-style":"default","ast-global-header-display":"","ast-banner-title-visibility":"","ast-main-header-display":"","ast-hfb-above-header-display":"","ast-hfb-below-header-display":"","ast-hfb-mobile-header-display":"","site-post-title":"disabled","ast-breadcrumbs-content":"","ast-featured-img":"","footer-sml-layout":"","ast-disable-related-posts":"","theme-transparent-header-meta":"","adv-header-id-meta":"","stick-header-meta":"","header-above-stick-meta":"","header-main-stick-meta":"","header-below-stick-meta":"","astra-migrate-meta-layouts":"default","ast-page-background-enabled":"default","ast-page-background-meta":{"desktop":{"background-color":"var(--ast-global-color-5)","background-image":"","background-repeat":"repeat","background-position":"center center","background-size":"auto","background-attachment":"scroll","background-type":"","background-media":"","overlay-type":"","overlay-color":"","overlay-opacity":"","overlay-gradient":""},"tablet":{"background-color":"","background-image":"","background-repeat":"repeat","background-position":"center center","background-size":"auto","background-attachment":"scroll","background-type":"","background-media":"","overlay-type":"","overlay-color":"","overlay-opacity":"","overlay-gradient":""},"mobile":{"background-color":"","background-image":"","background-repeat":"repeat","background-position":"center center","background-size":"auto","background-attachment":"scroll","background-type":"","background-media":"","overlay-type":"","overlay-color":"","overlay-opacity":"","overlay-gradient":""}},"ast-content-background-meta":{"desktop":{"background-color":"var(--ast-global-color-4)","background-image":"","background-repeat":"repeat","background-position":"center center","background-size":"auto","background-attachment":"scroll","background-type":"","background-media":"","overlay-type":"","overlay-color":"","overlay-opacity":"","overlay-gradient":""},"tablet":{"background-color":"var(--ast-global-color-4)","background-image":"","background-repeat":"repeat","background-position":"center center","background-size":"auto","background-attachment":"scroll","background-type":"","background-media":"","overlay-type":"","overlay-color":"","overlay-opacity":"","overlay-gradient":""},"mobile":{"background-color":"var(--ast-global-color-4)","background-image":"","background-repeat":"repeat","background-position":"center center","background-size":"auto","background-attachment":"scroll","background-type":"","background-media":"","overlay-type":"","overlay-color":"","overlay-opacity":"","overlay-gradient":""}},"footnotes":""},"class_list":["post-35","page","type-page","status-publish","hentry"],"yoast_head":"<!-- This site is optimized with the Yoast SEO plugin v27.0 - https:\/\/yoast.com\/product\/yoast-seo-wordpress\/ -->\r\n<title>about - Eglise Adventiste du 7e jour de Nice<\/title>\r\n<meta name=\"robots\" content=\"index, follow, max-snippet:-1, max-image-preview:large, max-video-preview:-1\" \/>\r\n<link rel=\"canonical\" href=\"https:\/\/nice-centre.adventiste.org\/index.php\/about\/\" \/>\r\n<meta property=\"og:locale\" content=\"fr_FR\" \/>\r\n<meta property=\"og:type\" content=\"article\" \/>\r\n<meta property=\"og:title\" content=\"about - Eglise Adventiste du 7e jour de Nice\" \/>\r\n<meta property=\"og:description\" content=\"Qui sommes nous ? L&rsquo;Eglise Adventiste du 7e jour L\u2019\u00c9glise adventiste se veut h\u00e9riti\u00e8re des mouvements de R\u00e9forme du XVIe [&hellip;]\" \/>\r\n<meta property=\"og:url\" content=\"https:\/\/nice-centre.adventiste.org\/index.php\/about\/\" \/>\r\n<meta property=\"og:site_name\" content=\"Eglise Adventiste du 7e jour de Nice\" \/>\r\n<meta property=\"article:modified_time\" content=\"2026-02-17T15:05:47+00:00\" \/>\r\n<meta property=\"og:image\" content=\"https:\/\/nice-centre.adventiste.org\/wp-content\/uploads\/2026\/02\/pexels-bible-1868070-1-scaled-e1771338831968-1024x328.jpg\" \/>\r\n<meta name=\"twitter:card\" content=\"summary_large_image\" \/>\r\n<meta name=\"twitter:label1\" content=\"Dur\u00e9e de lecture estim\u00e9e\" \/>\n\t<meta name=\"twitter:data1\" content=\"2 minutes\" \/>\r\n<script type=\"application\/ld+json\" class=\"yoast-schema-graph\">{\"@context\":\"https:\/\/schema.org\",\"@graph\":[{\"@type\":\"WebPage\",\"@id\":\"https:\/\/nice-centre.adventiste.org\/index.php\/about\/\",\"url\":\"https:\/\/nice-centre.adventiste.org\/index.php\/about\/\",\"name\":\"about - Eglise Adventiste du 7e jour de Nice\",\"isPartOf\":{\"@id\":\"https:\/\/nice-centre.adventiste.org\/#website\"},\"primaryImageOfPage\":{\"@id\":\"https:\/\/nice-centre.adventiste.org\/index.php\/about\/#primaryimage\"},\"image\":{\"@id\":\"https:\/\/nice-centre.adventiste.org\/index.php\/about\/#primaryimage\"},\"thumbnailUrl\":\"https:\/\/nice-centre.adventiste.org\/wp-content\/uploads\/2026\/02\/pexels-bible-1868070-1-scaled-e1771338831968-1024x328.jpg\",\"datePublished\":\"2026-02-13T07:58:13+00:00\",\"dateModified\":\"2026-02-17T15:05:47+00:00\",\"breadcrumb\":{\"@id\":\"https:\/\/nice-centre.adventiste.org\/index.php\/about\/#breadcrumb\"},\"inLanguage\":\"fr-FR\",\"potentialAction\":[{\"@type\":\"ReadAction\",\"target\":[\"https:\/\/nice-centre.adventiste.org\/index.php\/about\/\"]}]},{\"@type\":\"ImageObject\",\"inLanguage\":\"fr-FR\",\"@id\":\"https:\/\/nice-centre.adventiste.org\/index.php\/about\/#primaryimage\",\"url\":\"https:\/\/nice-centre.adventiste.org\/wp-content\/uploads\/2026\/02\/pexels-bible-1868070-1-scaled-e1771338831968.jpg\",\"contentUrl\":\"https:\/\/nice-centre.adventiste.org\/wp-content\/uploads\/2026\/02\/pexels-bible-1868070-1-scaled-e1771338831968.jpg\",\"width\":2560,\"height\":820},{\"@type\":\"BreadcrumbList\",\"@id\":\"https:\/\/nice-centre.adventiste.org\/index.php\/about\/#breadcrumb\",\"itemListElement\":[{\"@type\":\"ListItem\",\"position\":1,\"name\":\"Accueil\",\"item\":\"https:\/\/nice-centre.adventiste.org\/\"},{\"@type\":\"ListItem\",\"position\":2,\"name\":\"about\"}]},{\"@type\":\"WebSite\",\"@id\":\"https:\/\/nice-centre.adventiste.org\/#website\",\"url\":\"https:\/\/nice-centre.adventiste.org\/\",\"name\":\"Eglise Adventiste du 7e jour de Nice\",\"description\":\"\",\"publisher\":{\"@id\":\"https:\/\/nice-centre.adventiste.org\/#organization\"},\"potentialAction\":[{\"@type\":\"SearchAction\",\"target\":{\"@type\":\"EntryPoint\",\"urlTemplate\":\"https:\/\/nice-centre.adventiste.org\/?s={search_term_string}\"},\"query-input\":{\"@type\":\"PropertyValueSpecification\",\"valueRequired\":true,\"valueName\":\"search_term_string\"}}],\"inLanguage\":\"fr-FR\"},{\"@type\":\"Organization\",\"@id\":\"https:\/\/nice-centre.adventiste.org\/#organization\",\"name\":\"Eglise Adventiste du 7e jour de Nice\",\"url\":\"https:\/\/nice-centre.adventiste.org\/\",\"logo\":{\"@type\":\"ImageObject\",\"inLanguage\":\"fr-FR\",\"@id\":\"https:\/\/nice-centre.adventiste.org\/#\/schema\/logo\/image\/\",\"url\":\"https:\/\/nice-centre.adventiste.org\/wp-content\/uploads\/2026\/02\/adventist-symbol-winter.png\",\"contentUrl\":\"https:\/\/nice-centre.adventiste.org\/wp-content\/uploads\/2026\/02\/adventist-symbol-winter.png\",\"width\":840,\"height\":840,\"caption\":\"Eglise Adventiste du 7e jour de Nice\"},\"image\":{\"@id\":\"https:\/\/nice-centre.adventiste.org\/#\/schema\/logo\/image\/\"}}]}<\/script>\r\n<!-- \/ Yoast SEO plugin. -->","yoast_head_json":{"title":"about - Eglise Adventiste du 7e jour de Nice","robots":{"index":"index","follow":"follow","max-snippet":"max-snippet:-1","max-image-preview":"max-image-preview:large","max-video-preview":"max-video-preview:-1"},"canonical":"https:\/\/nice-centre.adventiste.org\/index.php\/about\/","og_locale":"fr_FR","og_type":"article","og_title":"about - Eglise Adventiste du 7e jour de Nice","og_description":"Qui sommes nous ? L&rsquo;Eglise Adventiste du 7e jour L\u2019\u00c9glise adventiste se veut h\u00e9riti\u00e8re des mouvements de R\u00e9forme du XVIe [&hellip;]","og_url":"https:\/\/nice-centre.adventiste.org\/index.php\/about\/","og_site_name":"Eglise Adventiste du 7e jour de Nice","article_modified_time":"2026-02-17T15:05:47+00:00","og_image":[{"url":"https:\/\/nice-centre.adventiste.org\/wp-content\/uploads\/2026\/02\/pexels-bible-1868070-1-scaled-e1771338831968-1024x328.jpg","type":"","width":"","height":""}],"twitter_card":"summary_large_image","twitter_misc":{"Dur\u00e9e de lecture estim\u00e9e":"2 minutes"},"schema":{"@context":"https:\/\/schema.org","@graph":[{"@type":"WebPage","@id":"https:\/\/nice-centre.adventiste.org\/index.php\/about\/","url":"https:\/\/nice-centre.adventiste.org\/index.php\/about\/","name":"about - Eglise Adventiste du 7e jour de Nice","isPartOf":{"@id":"https:\/\/nice-centre.adventiste.org\/#website"},"primaryImageOfPage":{"@id":"https:\/\/nice-centre.adventiste.org\/index.php\/about\/#primaryimage"},"image":{"@id":"https:\/\/nice-centre.adventiste.org\/index.php\/about\/#primaryimage"},"thumbnailUrl":"https:\/\/nice-centre.adventiste.org\/wp-content\/uploads\/2026\/02\/pexels-bible-1868070-1-scaled-e1771338831968-1024x328.jpg","datePublished":"2026-02-13T07:58:13+00:00","dateModified":"2026-02-17T15:05:47+00:00","breadcrumb":{"@id":"https:\/\/nice-centre.adventiste.org\/index.php\/about\/#breadcrumb"},"inLanguage":"fr-FR","potentialAction":[{"@type":"ReadAction","target":["https:\/\/nice-centre.adventiste.org\/index.php\/about\/"]}]},{"@type":"ImageObject","inLanguage":"fr-FR","@id":"https:\/\/nice-centre.adventiste.org\/index.php\/about\/#primaryimage","url":"https:\/\/nice-centre.adventiste.org\/wp-content\/uploads\/2026\/02\/pexels-bible-1868070-1-scaled-e1771338831968.jpg","contentUrl":"https:\/\/nice-centre.adventiste.org\/wp-content\/uploads\/2026\/02\/pexels-bible-1868070-1-scaled-e1771338831968.jpg","width":2560,"height":820},{"@type":"BreadcrumbList","@id":"https:\/\/nice-centre.adventiste.org\/index.php\/about\/#breadcrumb","itemListElement":[{"@type":"ListItem","position":1,"name":"Accueil","item":"https:\/\/nice-centre.adventiste.org\/"},{"@type":"ListItem","position":2,"name":"about"}]},{"@type":"WebSite","@id":"https:\/\/nice-centre.adventiste.org\/#website","url":"https:\/\/nice-centre.adventiste.org\/","name":"Eglise Adventiste du 7e jour de Nice","description":"","publisher":{"@id":"https:\/\/nice-centre.adventiste.org\/#organization"},"potentialAction":[{"@type":"SearchAction","target":{"@type":"EntryPoint","urlTemplate":"https:\/\/nice-centre.adventiste.org\/?s={search_term_string}"},"query-input":{"@type":"PropertyValueSpecification","valueRequired":true,"valueName":"search_term_string"}}],"inLanguage":"fr-FR"},{"@type":"Organization","@id":"https:\/\/nice-centre.adventiste.org\/#organization","name":"Eglise Adventiste du 7e jour de Nice","url":"https:\/\/nice-centre.adventiste.org\/","logo":{"@type":"ImageObject","inLanguage":"fr-FR","@id":"https:\/\/nice-centre.adventiste.org\/#\/schema\/logo\/image\/","url":"https:\/\/nice-centre.adventiste.org\/wp-content\/uploads\/2026\/02\/adventist-symbol-winter.png","contentUrl":"https:\/\/nice-centre.adventiste.org\/wp-content\/uploads\/2026\/02\/adventist-symbol-winter.png","width":840,"height":840,"caption":"Eglise Adventiste du 7e jour de Nice"},"image":{"@id":"https:\/\/nice-centre.adventiste.org\/#\/schema\/logo\/image\/"}}]}},"_links":{"self":[{"href":"https:\/\/nice-centre.adventiste.org\/index.php\/wp-json\/wp\/v2\/pages\/35","targetHints":{"allow":["GET"]}}],"collection":[{"href":"https:\/\/nice-centre.adventiste.org\/index.php\/wp-json\/wp\/v2\/pages"}],"about":[{"href":"https:\/\/nice-centre.adventiste.org\/index.php\/wp-json\/wp\/v2\/types\/page"}],"author":[{"embeddable":true,"href":"https:\/\/nice-centre.adventiste.org\/index.php\/wp-json\/wp\/v2\/users\/1"}],"replies":[{"embeddable":true,"href":"https:\/\/nice-centre.adventiste.org\/index.php\/wp-json\/wp\/v2\/comments?post=35"}],"version-history":[{"count":5,"href":"https:\/\/nice-centre.adventiste.org\/index.php\/wp-json\/wp\/v2\/pages\/35\/revisions"}],"predecessor-version":[{"id":195,"href":"https:\/\/nice-centre.adventiste.org\/index.php\/wp-json\/wp\/v2\/pages\/35\/revisions\/195"}],"wp:attachment":[{"href":"https:\/\/nice-centre.adventiste.org\/index.php\/wp-json\/wp\/v2\/media?parent=35"}],"curies":[{"name":"wp","href":"https:\/\/api.w.org\/{rel}","templated":true}]}}